{"id":805,"date":"2025-10-31T08:36:31","date_gmt":"2025-10-31T08:36:31","guid":{"rendered":"https:\/\/caye.dk\/?page_id=805"},"modified":"2025-10-31T08:55:44","modified_gmt":"2025-10-31T08:55:44","slug":"privatlivspolitik","status":"publish","type":"page","link":"https:\/\/caye.dk\/?page_id=805","title":{"rendered":"Privatlivspolitik"},"content":{"rendered":"<div class=\"wpb-content-wrapper\"><p>[vc_row css=&#8221;.vc_custom_1761900753903{background-color: #FAF9F6 !important;}&#8221;][vc_column css=&#8221;.vc_custom_1761900171767{margin-top: 100px !important;margin-right: 100px !important;margin-left: 100px !important;}&#8221;][vc_column_text css=&#8221;&#8221;]<\/p>\n<h1 id=\"privatlivspolitik-for-caye.dk\">Privatlivspolitik for Caye.dk<\/h1>\n<p>Denne privatlivspolitik beskriver, hvordan CleverCoffee ApS indsamler og behandler personoplysninger i forbindelse med din brug af hjemmesiden <strong>Caye.dk<\/strong>.<\/p>\n<p><strong>1. Dataansvarlig<\/strong><\/p>\n<p>Den dataansvarlige for behandlingen af dine personoplysninger er:<\/p>\n<p>CleverCoffee ApS Fillerupvej 27 8300 Odder CVR-nummer: 38466216 Telefon: 5040 3376<\/p>\n<p>(I det f\u00f8lgende omtalt som \u201cvi\u201d, \u201cos\u201d eller \u201cvores\u201d).<\/p>\n<p><strong>2. Indsamling af personoplysninger<\/strong><\/p>\n<p>Vi indsamler oplysninger om vores brugere p\u00e5 <strong>Caye.dk<\/strong> p\u00e5 to m\u00e5der:<\/p>\n<ol type=\"1\">\n<li><strong>Via \u2018cookies\u2019<\/strong>: Vi anvender cookies til at optimere hjemmesiden og dens funktionalitet. L\u00e6s venligst vores [Cookiepolitik] (inds\u00e6t link til cookiepolitik) for mere information.<\/li>\n<li><strong>Via registrering og kontakt<\/strong>: N\u00e5r du kontakter os via kontaktformularer, e-mail, telefon eller i forbindelse med k\u00f8b\/leasing af produkter og services.<\/li>\n<\/ol>\n<p><strong>3. Form\u00e5l og retsgrundlag for behandling af personoplysninger<\/strong><\/p>\n<p>Vi sikrer, at dine personoplysninger kun indsamles og behandles i overensstemmelse med et eller flere af f\u00f8lgende form\u00e5l og retsgrundlag:<\/p>\n<table>\n<colgroup>\n<col style=\"width: 50%\">\n<col style=\"width: 50%\">\n<\/colgroup>\n<thead>\n<tr class=\"header\">\n<th style=\"text-align: left;\">Form\u00e5l<\/th>\n<th style=\"text-align: left;\">Retsgrundlag (GDPR)<\/th>\n<\/tr>\n<\/thead>\n<tbody>\n<tr class=\"odd\">\n<td style=\"text-align: left;\"><strong>a. Levering af produkter og services<\/strong> som du har bestilt eller leaset.<\/td>\n<td style=\"text-align: left;\">Art. 6, stk. 1, litra b (N\u00f8dvendig for opfyldelse af kontrakt)<\/td>\n<\/tr>\n<tr class=\"even\">\n<td style=\"text-align: left;\"><strong>b. Besvarelse af sp\u00f8rgsm\u00e5l eller indsigelser<\/strong> du m\u00e5tte have.<\/td>\n<td style=\"text-align: left;\">Art. 6, stk. 1, litra f (Legitim interesse i at besvare henvendelser)<\/td>\n<\/tr>\n<tr class=\"odd\">\n<td style=\"text-align: left;\"><strong>c. Kommunikation<\/strong> vedr\u00f8rende \u00e6ndringer i vores services eller vilk\u00e5r.<\/td>\n<td style=\"text-align: left;\">Art. 6, stk. 1, litra f (Legitim interesse i at informere kunder)<\/td>\n<\/tr>\n<tr class=\"even\">\n<td style=\"text-align: left;\"><strong>d. Markedsf\u00f8ring<\/strong> af vores produkter og services (kun efter samtykke, hvor p\u00e5kr\u00e6vet).<\/td>\n<td style=\"text-align: left;\">Art. 6, stk. 1, litra a (Samtykke) eller Art. 6, stk. 1, litra f (Legitim interesse)<\/td>\n<\/tr>\n<tr class=\"odd\">\n<td style=\"text-align: left;\"><strong>e. Optimering af hjemmesiden<\/strong> og brugeroplevelsen.<\/td>\n<td style=\"text-align: left;\">Art. 6, stk. 1, litra f (Legitim interesse i at drive en effektiv hjemmeside)<\/td>\n<\/tr>\n<tr class=\"even\">\n<td style=\"text-align: left;\"><strong>f. Overholdelse af lovkrav<\/strong>, herunder bogf\u00f8ringsloven.<\/td>\n<td style=\"text-align: left;\">Art. 6, stk. 1, litra c (Retlig forpligtelse)<\/td>\n<\/tr>\n<\/tbody>\n<\/table>\n<p><strong>4. Kategorier af personoplysninger<\/strong><\/p>\n<p>Vi behandler f\u00f8lgende kategorier af personoplysninger:<\/p>\n<ul>\n<li><strong>Almindelige personoplysninger:<\/strong> Navn, adresse, telefonnummer, e-mailadresse, betalingsoplysninger, k\u00f8bshistorik, IP-adresse, oplysninger om din brug af hjemmesiden (via cookies).<\/li>\n<li><strong>Virksomhedsoplysninger:<\/strong> CVR-nummer, virksomhedsnavn og kontaktpersoners oplysninger.<\/li>\n<\/ul>\n<p><strong>5. Videregivelse af personoplysninger<\/strong><\/p>\n<p>Vi videregiver kun dine personoplysninger til tredjeparter, n\u00e5r det er n\u00f8dvendigt for at opfylde vores aftale med dig eller for at overholde lovgivningen. Dette kan omfatte:<\/p>\n<ul>\n<li><strong>Fragtfirmaer<\/strong> (til levering af varer).<\/li>\n<li><strong>Betalingsformidlere<\/strong> (til behandling af betalinger).<\/li>\n<li><strong>Databehandlere<\/strong> (f.eks. hostingudbydere, analysev\u00e6rkt\u00f8jer), som behandler data p\u00e5 vores vegne og efter vores instruks.<\/li>\n<\/ul>\n<p><strong>6. Overf\u00f8rsel til tredjelande<\/strong><\/p>\n<p>Vi overf\u00f8rer som udgangspunkt ikke dine personoplysninger til lande uden for EU\/E\u00d8S. Skulle dette blive n\u00f8dvendigt, sikrer vi, at overf\u00f8rslen sker i overensstemmelse med g\u00e6ldende lovgivning, herunder ved brug af EU-Kommissionens standardkontraktbestemmelser.<\/p>\n<p><strong>7. Opbevaring af personoplysninger<\/strong><\/p>\n<p>Vi opbevarer dine personoplysninger, s\u00e5 l\u00e6nge det er n\u00f8dvendigt for at opfylde de form\u00e5l, hvortil de er indsamlet, eller for at overholde lovkrav, herunder:<\/p>\n<ul>\n<li>Oplysninger i forbindelse med k\u00f8b\/leasing opbevares i 5 \u00e5r efter regnskabs\u00e5rets udl\u00f8b i henhold til bogf\u00f8ringsloven.<\/li>\n<li>Oplysninger indsamlet via cookies opbevares i den periode, der er angivet i vores [Cookiepolitik] (inds\u00e6t link til cookiepolitik).<\/li>\n<\/ul>\n<p><strong>8. Dine rettigheder<\/strong><\/p>\n<p>Du har til enhver tid ret til at:<\/p>\n<ul>\n<li><strong>F\u00e5 indsigt<\/strong> i de personoplysninger, vi behandler om dig.<\/li>\n<li><strong>F\u00e5 rettet<\/strong> ukorrekte personoplysninger.<\/li>\n<li><strong>F\u00e5 slettet<\/strong> dine personoplysninger (\u201cretten til at blive glemt\u201d), medmindre vi har en retlig forpligtelse til at opbevare dem.<\/li>\n<li><strong>F\u00e5 begr\u00e6nset<\/strong> behandlingen af dine personoplysninger.<\/li>\n<li><strong>G\u00f8re indsigelse<\/strong> mod vores behandling af dine personoplysninger (f.eks. i forbindelse med direkte markedsf\u00f8ring).<\/li>\n<li><strong>Modtage<\/strong> dine personoplysninger i et struktureret, almindeligt anvendt og maskinl\u00e6sbart format (dataportabilitet).<\/li>\n<li><strong>Tilbagekalde dit samtykke<\/strong>, hvis vores behandling er baseret p\u00e5 dit samtykke.<\/li>\n<\/ul>\n<p><strong>9. Klageadgang<\/strong><\/p>\n<p>Hvis du \u00f8nsker at klage over vores behandling af dine personoplysninger, kan du kontakte os p\u00e5 de kontaktoplysninger, der er angivet i punkt 1. Du har ogs\u00e5 ret til at indgive en klage til Datatilsynet:<\/p>\n<p>Datatilsynet Carl Jacobsens Vej 35 2500 Valby Tlf.: 33 19 32 00 E-mail: dt@datatilsynet.dk Hjemmeside: www.datatilsynet.dk<\/p>\n<p><strong>10. \u00c6ndringer i privatlivspolitikken<\/strong><\/p>\n<p>Vi forbeholder os retten til at opdatere og \u00e6ndre denne privatlivspolitik. Ved v\u00e6sentlige \u00e6ndringer vil vi informere dig via e-mail eller en synlig meddelelse p\u00e5 vores hjemmeside.<\/p>\n<p>Denne privatlivspolitik er senest opdateret d. 31. oktober 2025.<\/p>\n<p>[\/vc_column_text][\/vc_column][\/vc_row]<\/p>\n<\/div>","protected":false},"excerpt":{"rendered":"<p>[vc_row css=&#8221;.vc_custom_1761900753903{background-color: #FAF9F6 !important;}&#8221;][vc_column css=&#8221;.vc_custom_1761900171767{margin-top: 100px !important;margin-right: 100px !important;margin-left: 100px !important;}&#8221;][vc_column_text css=&#8221;&#8221;] Privatlivspolitik for Caye.dk Denne privatlivspolitik beskriver, hvordan CleverCoffee ApS indsamler og behandler personoplysninger i forbindelse med din brug af hjemmesiden Caye.dk. 1. Dataansvarlig Den dataansvarlige for behandlingen af dine personoplysninger er: CleverCoffee ApS Fillerupvej 27 8300 Odder CVR-nummer: 38466216 Telefon: 5040 3376 (I [&hellip;]<\/p>\n","protected":false},"author":1,"featured_media":0,"parent":0,"menu_order":0,"comment_status":"closed","ping_status":"closed","template":"canvas-page.php","meta":{"footnotes":""},"class_list":["post-805","page","type-page","status-publish","hentry"],"yoast_head":"<!-- This site is optimized with the Yoast SEO plugin v26.2 - https:\/\/yoast.com\/wordpress\/plugins\/seo\/ -->\n<title>Privatlivspolitik - Caye.dk<\/title>\n<meta name=\"robots\" content=\"index, follow, max-snippet:-1, max-image-preview:large, max-video-preview:-1\" \/>\n<link rel=\"canonical\" href=\"https:\/\/caye.dk\/?page_id=805\" \/>\n<meta property=\"og:locale\" content=\"da_DK\" \/>\n<meta property=\"og:type\" content=\"article\" \/>\n<meta property=\"og:title\" content=\"Privatlivspolitik - Caye.dk\" \/>\n<meta property=\"og:description\" content=\"[vc_row css=&#8221;.vc_custom_1761900753903{background-color: #FAF9F6 !important;}&#8221;][vc_column css=&#8221;.vc_custom_1761900171767{margin-top: 100px !important;margin-right: 100px !important;margin-left: 100px !important;}&#8221;][vc_column_text css=&#8221;&#8221;] Privatlivspolitik for Caye.dk Denne privatlivspolitik beskriver, hvordan CleverCoffee ApS indsamler og behandler personoplysninger i forbindelse med din brug af hjemmesiden Caye.dk. 1. Dataansvarlig Den dataansvarlige for behandlingen af dine personoplysninger er: CleverCoffee ApS Fillerupvej 27 8300 Odder CVR-nummer: 38466216 Telefon: 5040 3376 (I [&hellip;]\" \/>\n<meta property=\"og:url\" content=\"https:\/\/caye.dk\/?page_id=805\" \/>\n<meta property=\"og:site_name\" content=\"Caye.dk\" \/>\n<meta property=\"article:modified_time\" content=\"2025-10-31T08:55:44+00:00\" \/>\n<meta name=\"twitter:card\" content=\"summary_large_image\" \/>\n<meta name=\"twitter:label1\" content=\"Estimeret l\u00e6setid\" \/>\n\t<meta name=\"twitter:data1\" content=\"3 minutter\" \/>\n<script type=\"application\/ld+json\" class=\"yoast-schema-graph\">{\"@context\":\"https:\/\/schema.org\",\"@graph\":[{\"@type\":\"WebPage\",\"@id\":\"https:\/\/caye.dk\/?page_id=805\",\"url\":\"https:\/\/caye.dk\/?page_id=805\",\"name\":\"Privatlivspolitik - Caye.dk\",\"isPartOf\":{\"@id\":\"https:\/\/caye.dk\/#website\"},\"datePublished\":\"2025-10-31T08:36:31+00:00\",\"dateModified\":\"2025-10-31T08:55:44+00:00\",\"breadcrumb\":{\"@id\":\"https:\/\/caye.dk\/?page_id=805#breadcrumb\"},\"inLanguage\":\"da-DK\",\"potentialAction\":[{\"@type\":\"ReadAction\",\"target\":[\"https:\/\/caye.dk\/?page_id=805\"]}]},{\"@type\":\"BreadcrumbList\",\"@id\":\"https:\/\/caye.dk\/?page_id=805#breadcrumb\",\"itemListElement\":[{\"@type\":\"ListItem\",\"position\":1,\"name\":\"Hjem\",\"item\":\"https:\/\/caye.dk\/\"},{\"@type\":\"ListItem\",\"position\":2,\"name\":\"Privatlivspolitik\"}]},{\"@type\":\"WebSite\",\"@id\":\"https:\/\/caye.dk\/#website\",\"url\":\"https:\/\/caye.dk\/\",\"name\":\"Caye.dk\",\"description\":\"Bariastakaffe p&aring; arbejdspladsen\",\"publisher\":{\"@id\":\"https:\/\/caye.dk\/#organization\"},\"potentialAction\":[{\"@type\":\"SearchAction\",\"target\":{\"@type\":\"EntryPoint\",\"urlTemplate\":\"https:\/\/caye.dk\/?s={search_term_string}\"},\"query-input\":{\"@type\":\"PropertyValueSpecification\",\"valueRequired\":true,\"valueName\":\"search_term_string\"}}],\"inLanguage\":\"da-DK\"},{\"@type\":\"Organization\",\"@id\":\"https:\/\/caye.dk\/#organization\",\"name\":\"Caye DK\",\"url\":\"https:\/\/caye.dk\/\",\"logo\":{\"@type\":\"ImageObject\",\"inLanguage\":\"da-DK\",\"@id\":\"https:\/\/caye.dk\/#\/schema\/logo\/image\/\",\"url\":\"https:\/\/caye.dk\/wp-content\/uploads\/2025\/10\/LOGO-05-e1744891246249-Edited.png\",\"contentUrl\":\"https:\/\/caye.dk\/wp-content\/uploads\/2025\/10\/LOGO-05-e1744891246249-Edited.png\",\"width\":591,\"height\":170,\"caption\":\"Caye DK\"},\"image\":{\"@id\":\"https:\/\/caye.dk\/#\/schema\/logo\/image\/\"}}]}<\/script>\n<!-- \/ Yoast SEO plugin. -->","yoast_head_json":{"title":"Privatlivspolitik - Caye.dk","robots":{"index":"index","follow":"follow","max-snippet":"max-snippet:-1","max-image-preview":"max-image-preview:large","max-video-preview":"max-video-preview:-1"},"canonical":"https:\/\/caye.dk\/?page_id=805","og_locale":"da_DK","og_type":"article","og_title":"Privatlivspolitik - Caye.dk","og_description":"[vc_row css=&#8221;.vc_custom_1761900753903{background-color: #FAF9F6 !important;}&#8221;][vc_column css=&#8221;.vc_custom_1761900171767{margin-top: 100px !important;margin-right: 100px !important;margin-left: 100px !important;}&#8221;][vc_column_text css=&#8221;&#8221;] Privatlivspolitik for Caye.dk Denne privatlivspolitik beskriver, hvordan CleverCoffee ApS indsamler og behandler personoplysninger i forbindelse med din brug af hjemmesiden Caye.dk. 1. Dataansvarlig Den dataansvarlige for behandlingen af dine personoplysninger er: CleverCoffee ApS Fillerupvej 27 8300 Odder CVR-nummer: 38466216 Telefon: 5040 3376 (I [&hellip;]","og_url":"https:\/\/caye.dk\/?page_id=805","og_site_name":"Caye.dk","article_modified_time":"2025-10-31T08:55:44+00:00","twitter_card":"summary_large_image","twitter_misc":{"Estimeret l\u00e6setid":"3 minutter"},"schema":{"@context":"https:\/\/schema.org","@graph":[{"@type":"WebPage","@id":"https:\/\/caye.dk\/?page_id=805","url":"https:\/\/caye.dk\/?page_id=805","name":"Privatlivspolitik - Caye.dk","isPartOf":{"@id":"https:\/\/caye.dk\/#website"},"datePublished":"2025-10-31T08:36:31+00:00","dateModified":"2025-10-31T08:55:44+00:00","breadcrumb":{"@id":"https:\/\/caye.dk\/?page_id=805#breadcrumb"},"inLanguage":"da-DK","potentialAction":[{"@type":"ReadAction","target":["https:\/\/caye.dk\/?page_id=805"]}]},{"@type":"BreadcrumbList","@id":"https:\/\/caye.dk\/?page_id=805#breadcrumb","itemListElement":[{"@type":"ListItem","position":1,"name":"Hjem","item":"https:\/\/caye.dk\/"},{"@type":"ListItem","position":2,"name":"Privatlivspolitik"}]},{"@type":"WebSite","@id":"https:\/\/caye.dk\/#website","url":"https:\/\/caye.dk\/","name":"Caye.dk","description":"Bariastakaffe p&aring; arbejdspladsen","publisher":{"@id":"https:\/\/caye.dk\/#organization"},"potentialAction":[{"@type":"SearchAction","target":{"@type":"EntryPoint","urlTemplate":"https:\/\/caye.dk\/?s={search_term_string}"},"query-input":{"@type":"PropertyValueSpecification","valueRequired":true,"valueName":"search_term_string"}}],"inLanguage":"da-DK"},{"@type":"Organization","@id":"https:\/\/caye.dk\/#organization","name":"Caye DK","url":"https:\/\/caye.dk\/","logo":{"@type":"ImageObject","inLanguage":"da-DK","@id":"https:\/\/caye.dk\/#\/schema\/logo\/image\/","url":"https:\/\/caye.dk\/wp-content\/uploads\/2025\/10\/LOGO-05-e1744891246249-Edited.png","contentUrl":"https:\/\/caye.dk\/wp-content\/uploads\/2025\/10\/LOGO-05-e1744891246249-Edited.png","width":591,"height":170,"caption":"Caye DK"},"image":{"@id":"https:\/\/caye.dk\/#\/schema\/logo\/image\/"}}]}},"_links":{"self":[{"href":"https:\/\/caye.dk\/index.php?rest_route=\/wp\/v2\/pages\/805","targetHints":{"allow":["GET"]}}],"collection":[{"href":"https:\/\/caye.dk\/index.php?rest_route=\/wp\/v2\/pages"}],"about":[{"href":"https:\/\/caye.dk\/index.php?rest_route=\/wp\/v2\/types\/page"}],"author":[{"embeddable":true,"href":"https:\/\/caye.dk\/index.php?rest_route=\/wp\/v2\/users\/1"}],"replies":[{"embeddable":true,"href":"https:\/\/caye.dk\/index.php?rest_route=%2Fwp%2Fv2%2Fcomments&post=805"}],"version-history":[{"count":10,"href":"https:\/\/caye.dk\/index.php?rest_route=\/wp\/v2\/pages\/805\/revisions"}],"predecessor-version":[{"id":815,"href":"https:\/\/caye.dk\/index.php?rest_route=\/wp\/v2\/pages\/805\/revisions\/815"}],"wp:attachment":[{"href":"https:\/\/caye.dk\/index.php?rest_route=%2Fwp%2Fv2%2Fmedia&parent=805"}],"curies":[{"name":"wp","href":"https:\/\/api.w.org\/{rel}","templated":true}]}}